{"id":1298,"date":"2020-08-10T11:23:19","date_gmt":"2020-08-10T11:23:19","guid":{"rendered":"https:\/\/marktmaat.com\/contacto\/"},"modified":"2020-11-18T11:14:41","modified_gmt":"2020-11-18T11:14:41","slug":"kontakt","status":"publish","type":"page","link":"https:\/\/marktmaat.com\/de\/kontakt\/","title":{"rendered":"Kontakt"},"content":{"rendered":"\t\t<div data-elementor-type=\"wp-page\" data-elementor-id=\"1298\" class=\"elementor elementor-1298 elementor-735\" data-elementor-post-type=\"page\">\n\t\t\t\t\t\t\t\t\t<section data-particle_enable=\"false\" data-particle-mobile-disabled=\"false\" class=\"elementor-section elementor-top-section elementor-element elementor-element-5ae4f492 elementor-section-full_width elementor-section-content-middle elementor-section-height-default elementor-section-height-default\" data-id=\"5ae4f492\" data-element_type=\"section\" data-settings=\"{&quot;background_background&quot;:&quot;classic&quot;,&quot;shape_divider_bottom&quot;:&quot;waves&quot;}\">\n\t\t\t\t\t<div class=\"elementor-shape elementor-shape-bottom\" data-negative=\"false\">\n\t\t\t<svg xmlns=\"http:\/\/www.w3.org\/2000\/svg\" viewBox=\"0 0 1000 100\" preserveAspectRatio=\"none\">\n\t<path class=\"elementor-shape-fill\" d=\"M421.9,6.5c22.6-2.5,51.5,0.4,75.5,5.3c23.6,4.9,70.9,23.5,100.5,35.7c75.8,32.2,133.7,44.5,192.6,49.7\n\tc23.6,2.1,48.7,3.5,103.4-2.5c54.7-6,106.2-25.6,106.2-25.6V0H0v30.3c0,0,72,32.6,158.4,30.5c39.2-0.7,92.8-6.7,134-22.4\n\tc21.2-8.1,52.2-18.2,79.7-24.2C399.3,7.9,411.6,7.5,421.9,6.5z\"\/>\n<\/svg>\t\t<\/div>\n\t\t\t\t\t<div class=\"elementor-container elementor-column-gap-no\">\n\t\t\t\t\t<div class=\"elementor-column elementor-col-50 elementor-top-column elementor-element elementor-element-46eadacc\" data-id=\"46eadacc\" data-element_type=\"column\">\n\t\t\t<div class=\"elementor-widget-wrap elementor-element-populated\">\n\t\t\t\t\t\t\t\t<div class=\"elementor-element elementor-element-6867b24e elementor-widget elementor-widget-heading\" data-id=\"6867b24e\" data-element_type=\"widget\" data-widget_type=\"heading.default\">\n\t\t\t\t<div class=\"elementor-widget-container\">\n\t\t\t<h2 class=\"elementor-heading-title elementor-size-default\">Was k\u00f6nnen wir f\u00fcr Sie tun?<\/h2>\t\t<\/div>\n\t\t\t\t<\/div>\n\t\t\t\t<div class=\"elementor-element elementor-element-49249f52 elementor-widget elementor-widget-heading\" data-id=\"49249f52\" data-element_type=\"widget\" data-widget_type=\"heading.default\">\n\t\t\t\t<div class=\"elementor-widget-container\">\n\t\t\t<h2 class=\"elementor-heading-title elementor-size-default\">Unser Team beantwortet gerne alle Ihre Fragen und informiert Sie ausf\u00fchrlich \u00fcber unsere Dienstleistungen. Z\u00f6gern Sie nicht, uns zu kontaktieren.<\/h2>\t\t<\/div>\n\t\t\t\t<\/div>\n\t\t\t\t\t<\/div>\n\t\t<\/div>\n\t\t\t\t<div class=\"elementor-column elementor-col-50 elementor-top-column elementor-element elementor-element-75689cce\" data-id=\"75689cce\" data-element_type=\"column\">\n\t\t\t<div class=\"elementor-widget-wrap elementor-element-populated\">\n\t\t\t\t\t\t\t\t<div class=\"elementor-element elementor-element-1560b2e9 float elementor-widget elementor-widget-image\" data-id=\"1560b2e9\" data-element_type=\"widget\" data-widget_type=\"image.default\">\n\t\t\t\t<div class=\"elementor-widget-container\">\n\t\t\t\t\t\t\t\t\t\t\t\t\t\t\t<img loading=\"lazy\" decoding=\"async\" width=\"618\" height=\"502\" src=\"https:\/\/marktmaat.com\/wp-content\/uploads\/2020\/08\/sincronizaci\u00f3ncatalogo.png\" class=\"attachment-large size-large wp-image-1290\" alt=\"\" srcset=\"https:\/\/marktmaat.com\/wp-content\/uploads\/2020\/08\/sincronizaci\u00f3ncatalogo.png 618w, https:\/\/marktmaat.com\/wp-content\/uploads\/2020\/08\/sincronizaci\u00f3ncatalogo-300x244.png 300w, https:\/\/marktmaat.com\/wp-content\/uploads\/2020\/08\/sincronizaci\u00f3ncatalogo-600x487.png 600w\" sizes=\"(max-width: 618px) 100vw, 618px\" \/>\t\t\t\t\t\t\t\t\t\t\t\t\t\t\t<\/div>\n\t\t\t\t<\/div>\n\t\t\t\t\t<\/div>\n\t\t<\/div>\n\t\t\t\t\t\t\t<\/div>\n\t\t<\/section>\n\t\t\t\t<section data-particle_enable=\"false\" data-particle-mobile-disabled=\"false\" class=\"elementor-section elementor-top-section elementor-element elementor-element-c075e3a elementor-section-boxed elementor-section-height-default elementor-section-height-default\" data-id=\"c075e3a\" data-element_type=\"section\">\n\t\t\t\t\t\t<div class=\"elementor-container elementor-column-gap-default\">\n\t\t\t\t\t<div class=\"elementor-column elementor-col-100 elementor-top-column elementor-element elementor-element-f2688ee\" data-id=\"f2688ee\" data-element_type=\"column\">\n\t\t\t<div class=\"elementor-widget-wrap elementor-element-populated\">\n\t\t\t\t\t\t\t\t<div class=\"elementor-element elementor-element-4b4511e elementor-widget elementor-widget-spacer\" data-id=\"4b4511e\" data-element_type=\"widget\" data-widget_type=\"spacer.default\">\n\t\t\t\t<div class=\"elementor-widget-container\">\n\t\t\t\t\t<div class=\"elementor-spacer\">\n\t\t\t<div class=\"elementor-spacer-inner\"><\/div>\n\t\t<\/div>\n\t\t\t\t<\/div>\n\t\t\t\t<\/div>\n\t\t\t\t\t<\/div>\n\t\t<\/div>\n\t\t\t\t\t\t\t<\/div>\n\t\t<\/section>\n\t\t\t\t<section data-particle_enable=\"false\" data-particle-mobile-disabled=\"false\" class=\"elementor-section elementor-top-section elementor-element elementor-element-358123e elementor-section-boxed elementor-section-height-default elementor-section-height-default\" data-id=\"358123e\" data-element_type=\"section\">\n\t\t\t\t\t\t<div class=\"elementor-container elementor-column-gap-default\">\n\t\t\t\t\t<div class=\"elementor-column elementor-col-50 elementor-top-column elementor-element elementor-element-5072e68\" data-id=\"5072e68\" data-element_type=\"column\">\n\t\t\t<div class=\"elementor-widget-wrap elementor-element-populated\">\n\t\t\t\t\t\t\t\t<div class=\"elementor-element elementor-element-1627a58 elementor-widget elementor-widget-heading\" data-id=\"1627a58\" data-element_type=\"widget\" data-widget_type=\"heading.default\">\n\t\t\t\t<div class=\"elementor-widget-container\">\n\t\t\t<h2 class=\"elementor-heading-title elementor-size-default\">Ben\u00f6tigen Sie weitere Informationen?<\/h2>\t\t<\/div>\n\t\t\t\t<\/div>\n\t\t\t\t<div class=\"elementor-element elementor-element-c4a2c30 elementor-widget-divider--view-line elementor-widget elementor-widget-divider\" data-id=\"c4a2c30\" data-element_type=\"widget\" data-widget_type=\"divider.default\">\n\t\t\t\t<div class=\"elementor-widget-container\">\n\t\t\t\t\t<div class=\"elementor-divider\">\n\t\t\t<span class=\"elementor-divider-separator\">\n\t\t\t\t\t\t<\/span>\n\t\t<\/div>\n\t\t\t\t<\/div>\n\t\t\t\t<\/div>\n\t\t\t\t<div class=\"elementor-element elementor-element-2556757 elementor-widget__width-auto elementor-widget elementor-widget-text-editor\" data-id=\"2556757\" data-element_type=\"widget\" data-widget_type=\"text-editor.default\">\n\t\t\t\t<div class=\"elementor-widget-container\">\n\t\t\t\t\t\t\t<p>Z\u00f6gern Sie nicht, uns eine E-Mail an <b><a href=\"mailto:info@marktmaat.com\">info@marktmaat.com<\/a> <\/b>zu schicken, um mit uns in Kontakt zu treten.<\/p>\n<p>Andernfals k\u00f6nnen Sie auch das <b>Kontaktformular<\/b> auf der rechten Seite nutzen.<\/p>\n<p>Vereinbaren Sie einen <b>Telefontermin<\/b> oder ein <b>Beratungsgespr\u00e4ch<\/b>, um die spezifischen Bed\u00fcrfnisse Ihres Unternehmens kennezulernen.<\/p>\n<p>Wir sind rund um die Uhr f\u00fcr Sie <b>erreichbar<\/b>.<\/p>\t\t\t\t\t\t<\/div>\n\t\t\t\t<\/div>\n\t\t\t\t\t<\/div>\n\t\t<\/div>\n\t\t\t\t<div class=\"elementor-column elementor-col-50 elementor-top-column elementor-element elementor-element-aa582af\" data-id=\"aa582af\" data-element_type=\"column\">\n\t\t\t<div class=\"elementor-widget-wrap elementor-element-populated\">\n\t\t\t\t\t\t\t\t<div class=\"elementor-element elementor-element-7b5ca39 eael-contact-form-7-button-align-left eael-contact-form-7-button-custom elementor-widget elementor-widget-eael-contact-form-7\" data-id=\"7b5ca39\" data-element_type=\"widget\" data-widget_type=\"eael-contact-form-7.default\">\n\t\t\t\t<div class=\"elementor-widget-container\">\n\t\t\t<div class=\"eael-contact-form-7-wrapper\">\n                <div class=\"eael-contact-form eael-contact-form-7 eael-contact-form-7b5ca39 placeholder-show eael-contact-form-align-center\"><div class=\"eael-contact-form-7-heading\"><\/div>\n<div class=\"wpcf7 no-js\" id=\"wpcf7-f1533-o1\" lang=\"es-ES\" dir=\"ltr\">\n<div class=\"screen-reader-response\"><p role=\"status\" aria-live=\"polite\" aria-atomic=\"true\"><\/p> <ul><\/ul><\/div>\n<form action=\"\/de\/wp-json\/wp\/v2\/pages\/1298#wpcf7-f1533-o1\" method=\"post\" class=\"wpcf7-form init\" aria-label=\"Formulario de contacto\" novalidate=\"novalidate\" data-status=\"init\">\n<div style=\"display: none;\">\n<input type=\"hidden\" name=\"_wpcf7\" value=\"1533\" \/>\n<input type=\"hidden\" name=\"_wpcf7_version\" value=\"5.9.3\" \/>\n<input type=\"hidden\" name=\"_wpcf7_locale\" value=\"es_ES\" \/>\n<input type=\"hidden\" name=\"_wpcf7_unit_tag\" value=\"wpcf7-f1533-o1\" \/>\n<input type=\"hidden\" name=\"_wpcf7_container_post\" value=\"0\" \/>\n<input type=\"hidden\" name=\"_wpcf7_posted_data_hash\" value=\"\" \/>\n<\/div>\n<p style=\"line-height:30px;font-size:24px;\"><img decoding=\"async\" src=\"https:\/\/image.flaticon.com\/icons\/svg\/2122\/2122053.svg\" width=\"30\" style=\"margin-bottom:-7px\" \/><b>Kontakt<\/b>\n<\/p>\n<p><span class=\"wpcf7-form-control-wrap\" data-name=\"your-name\"><input size=\"40\" class=\"wpcf7-form-control wpcf7-text wpcf7-validates-as-required\" aria-required=\"true\" aria-invalid=\"false\" placeholder=\"Vorname\" value=\"\" type=\"text\" name=\"your-name\" \/><\/span><br \/>\n<span class=\"wpcf7-form-control-wrap\" data-name=\"your-email\"><input size=\"40\" class=\"wpcf7-form-control wpcf7-email wpcf7-validates-as-required wpcf7-text wpcf7-validates-as-email\" aria-required=\"true\" aria-invalid=\"false\" placeholder=\"Email\" value=\"\" type=\"email\" name=\"your-email\" \/><\/span><br \/>\n<span class=\"wpcf7-form-control-wrap\" data-name=\"your-message\"><textarea cols=\"40\" rows=\"10\" class=\"wpcf7-form-control wpcf7-textarea\" aria-invalid=\"false\" placeholder=\"Nachricht\" name=\"your-message\"><\/textarea><\/span><br \/>\n<span class=\"wpcf7-form-control-wrap\" data-name=\"checkbox-57\"><span class=\"wpcf7-form-control wpcf7-checkbox wpcf7-exclusive-checkbox\" id=\"terms_check\"><span class=\"wpcf7-list-item first last\"><input type=\"checkbox\" name=\"checkbox-57\" value=\"Hiermit akzeptiere ich die\" \/><span class=\"wpcf7-list-item-label\">Hiermit akzeptiere ich die<\/span><\/span><\/span><\/span><a href=\"https:\/\/marktmaat.com\/de\/impressum\/\"> Datenschutzbestimmungen<\/a><br \/>\n<input class=\"wpcf7-form-control wpcf7-submit has-spinner\" id=\"button_send\" type=\"submit\" value=\"Senden an\" \/>\n<\/p><p style=\"display: none !important;\" class=\"akismet-fields-container\" data-prefix=\"_wpcf7_ak_\"><label>&#916;<textarea name=\"_wpcf7_ak_hp_textarea\" cols=\"45\" rows=\"8\" maxlength=\"100\"><\/textarea><\/label><input type=\"hidden\" id=\"ak_js_1\" name=\"_wpcf7_ak_js\" value=\"92\"\/><script>document.getElementById( \"ak_js_1\" ).setAttribute( \"value\", ( new Date() ).getTime() );<\/script><\/p><div class=\"wpcf7-response-output\" aria-hidden=\"true\"><\/div>\n<\/form>\n<\/div>\n<\/div>\n            <\/div>\t\t<\/div>\n\t\t\t\t<\/div>\n\t\t\t\t\t<\/div>\n\t\t<\/div>\n\t\t\t\t\t\t\t<\/div>\n\t\t<\/section>\n\t\t\t\t<section data-particle_enable=\"false\" data-particle-mobile-disabled=\"false\" class=\"elementor-section elementor-top-section elementor-element elementor-element-0200f9d elementor-section-boxed elementor-section-height-default elementor-section-height-default\" data-id=\"0200f9d\" data-element_type=\"section\">\n\t\t\t\t\t\t<div class=\"elementor-container elementor-column-gap-default\">\n\t\t\t\t\t<div class=\"elementor-column elementor-col-100 elementor-top-column elementor-element elementor-element-a4d3191\" data-id=\"a4d3191\" data-element_type=\"column\">\n\t\t\t<div class=\"elementor-widget-wrap elementor-element-populated\">\n\t\t\t\t\t\t\t\t<div class=\"elementor-element elementor-element-87c572d elementor-widget elementor-widget-spacer\" data-id=\"87c572d\" data-element_type=\"widget\" data-widget_type=\"spacer.default\">\n\t\t\t\t<div class=\"elementor-widget-container\">\n\t\t\t\t\t<div class=\"elementor-spacer\">\n\t\t\t<div class=\"elementor-spacer-inner\"><\/div>\n\t\t<\/div>\n\t\t\t\t<\/div>\n\t\t\t\t<\/div>\n\t\t\t\t\t<\/div>\n\t\t<\/div>\n\t\t\t\t\t\t\t<\/div>\n\t\t<\/section>\n\t\t\t\t<section data-particle_enable=\"false\" data-particle-mobile-disabled=\"false\" class=\"elementor-section elementor-top-section elementor-element elementor-element-c426d92 elementor-section-boxed elementor-section-height-default elementor-section-height-default\" data-id=\"c426d92\" data-element_type=\"section\">\n\t\t\t\t\t\t<div class=\"elementor-container elementor-column-gap-default\">\n\t\t\t\t\t<div class=\"elementor-column elementor-col-100 elementor-top-column elementor-element elementor-element-3429e8e\" data-id=\"3429e8e\" data-element_type=\"column\">\n\t\t\t<div class=\"elementor-widget-wrap\">\n\t\t\t\t\t\t\t\t\t<\/div>\n\t\t<\/div>\n\t\t\t\t\t\t\t<\/div>\n\t\t<\/section>\n\t\t\t\t\t\t\t<\/div>\n\t\t","protected":false},"excerpt":{"rendered":"<p>Was k\u00f6nnen wir f\u00fcr Sie tun? Unser Team beantwortet gerne alle Ihre Fragen und informiert Sie ausf\u00fchrlich \u00fcber unsere Dienstleistungen. Z\u00f6gern Sie nicht, uns zu kontaktieren. Ben\u00f6tigen Sie weitere Informationen? Z\u00f6gern Sie nicht, uns eine E-Mail an info@marktmaat.com zu schicken, um mit uns in Kontakt zu treten. Andernfals k\u00f6nnen Sie auch das Kontaktformular auf der [&hellip;]<\/p>\n","protected":false},"author":1,"featured_media":0,"parent":0,"menu_order":0,"comment_status":"closed","ping_status":"closed","template":"","meta":{"footnotes":""},"yoast_head":"<!-- This site is optimized with the Yoast SEO plugin v22.3 - https:\/\/yoast.com\/wordpress\/plugins\/seo\/ -->\n<title>Kontakt - MarktMaat<\/title>\n<meta name=\"robots\" content=\"index, follow, max-snippet:-1, max-image-preview:large, max-video-preview:-1\" \/>\n<link rel=\"canonical\" href=\"https:\/\/marktmaat.com\/de\/kontakt\/\" \/>\n<meta property=\"og:locale\" content=\"de_DE\" \/>\n<meta property=\"og:type\" content=\"article\" \/>\n<meta property=\"og:title\" content=\"Kontakt - MarktMaat\" \/>\n<meta property=\"og:description\" content=\"Was k\u00f6nnen wir f\u00fcr Sie tun? Unser Team beantwortet gerne alle Ihre Fragen und informiert Sie ausf\u00fchrlich \u00fcber unsere Dienstleistungen. Z\u00f6gern Sie nicht, uns zu kontaktieren. Ben\u00f6tigen Sie weitere Informationen? Z\u00f6gern Sie nicht, uns eine E-Mail an info@marktmaat.com zu schicken, um mit uns in Kontakt zu treten. Andernfals k\u00f6nnen Sie auch das Kontaktformular auf der [&hellip;]\" \/>\n<meta property=\"og:url\" content=\"https:\/\/marktmaat.com\/de\/kontakt\/\" \/>\n<meta property=\"og:site_name\" content=\"MarktMaat\" \/>\n<meta property=\"article:modified_time\" content=\"2020-11-18T11:14:41+00:00\" \/>\n<meta property=\"og:image\" content=\"https:\/\/marktmaat.com\/wp-content\/uploads\/2020\/08\/sincronizaci\u00f3ncatalogo.png\" \/>\n<meta name=\"twitter:card\" content=\"summary_large_image\" \/>\n<script type=\"application\/ld+json\" class=\"yoast-schema-graph\">{\"@context\":\"https:\/\/schema.org\",\"@graph\":[{\"@type\":\"WebPage\",\"@id\":\"https:\/\/marktmaat.com\/de\/kontakt\/\",\"url\":\"https:\/\/marktmaat.com\/de\/kontakt\/\",\"name\":\"Kontakt - MarktMaat\",\"isPartOf\":{\"@id\":\"https:\/\/marktmaat.com\/de\/#website\"},\"primaryImageOfPage\":{\"@id\":\"https:\/\/marktmaat.com\/de\/kontakt\/#primaryimage\"},\"image\":{\"@id\":\"https:\/\/marktmaat.com\/de\/kontakt\/#primaryimage\"},\"thumbnailUrl\":\"https:\/\/image.flaticon.com\/icons\/svg\/2122\/2122053.svg\",\"datePublished\":\"2020-08-10T11:23:19+00:00\",\"dateModified\":\"2020-11-18T11:14:41+00:00\",\"breadcrumb\":{\"@id\":\"https:\/\/marktmaat.com\/de\/kontakt\/#breadcrumb\"},\"inLanguage\":\"de\",\"potentialAction\":[{\"@type\":\"ReadAction\",\"target\":[\"https:\/\/marktmaat.com\/de\/kontakt\/\"]}]},{\"@type\":\"ImageObject\",\"inLanguage\":\"de\",\"@id\":\"https:\/\/marktmaat.com\/de\/kontakt\/#primaryimage\",\"url\":\"https:\/\/image.flaticon.com\/icons\/svg\/2122\/2122053.svg\",\"contentUrl\":\"https:\/\/image.flaticon.com\/icons\/svg\/2122\/2122053.svg\"},{\"@type\":\"BreadcrumbList\",\"@id\":\"https:\/\/marktmaat.com\/de\/kontakt\/#breadcrumb\",\"itemListElement\":[{\"@type\":\"ListItem\",\"position\":1,\"name\":\"Portada\",\"item\":\"https:\/\/marktmaat.com\/de\/\"},{\"@type\":\"ListItem\",\"position\":2,\"name\":\"Kontakt\"}]},{\"@type\":\"WebSite\",\"@id\":\"https:\/\/marktmaat.com\/de\/#website\",\"url\":\"https:\/\/marktmaat.com\/de\/\",\"name\":\"MarktMaat\",\"description\":\"\",\"publisher\":{\"@id\":\"https:\/\/marktmaat.com\/de\/#organization\"},\"potentialAction\":[{\"@type\":\"SearchAction\",\"target\":{\"@type\":\"EntryPoint\",\"urlTemplate\":\"https:\/\/marktmaat.com\/de\/?s={search_term_string}\"},\"query-input\":\"required name=search_term_string\"}],\"inLanguage\":\"de\"},{\"@type\":\"Organization\",\"@id\":\"https:\/\/marktmaat.com\/de\/#organization\",\"name\":\"MarktMaat\",\"url\":\"https:\/\/marktmaat.com\/de\/\",\"logo\":{\"@type\":\"ImageObject\",\"inLanguage\":\"de\",\"@id\":\"https:\/\/marktmaat.com\/de\/#\/schema\/logo\/image\/\",\"url\":\"https:\/\/marktmaat.com\/wp-content\/uploads\/2020\/05\/logo-b-1.png\",\"contentUrl\":\"https:\/\/marktmaat.com\/wp-content\/uploads\/2020\/05\/logo-b-1.png\",\"width\":326,\"height\":47,\"caption\":\"MarktMaat\"},\"image\":{\"@id\":\"https:\/\/marktmaat.com\/de\/#\/schema\/logo\/image\/\"}}]}<\/script>\n<!-- \/ Yoast SEO plugin. -->","yoast_head_json":{"title":"Kontakt - MarktMaat","robots":{"index":"index","follow":"follow","max-snippet":"max-snippet:-1","max-image-preview":"max-image-preview:large","max-video-preview":"max-video-preview:-1"},"canonical":"https:\/\/marktmaat.com\/de\/kontakt\/","og_locale":"de_DE","og_type":"article","og_title":"Kontakt - MarktMaat","og_description":"Was k\u00f6nnen wir f\u00fcr Sie tun? Unser Team beantwortet gerne alle Ihre Fragen und informiert Sie ausf\u00fchrlich \u00fcber unsere Dienstleistungen. Z\u00f6gern Sie nicht, uns zu kontaktieren. Ben\u00f6tigen Sie weitere Informationen? Z\u00f6gern Sie nicht, uns eine E-Mail an info@marktmaat.com zu schicken, um mit uns in Kontakt zu treten. Andernfals k\u00f6nnen Sie auch das Kontaktformular auf der [&hellip;]","og_url":"https:\/\/marktmaat.com\/de\/kontakt\/","og_site_name":"MarktMaat","article_modified_time":"2020-11-18T11:14:41+00:00","og_image":[{"url":"https:\/\/marktmaat.com\/wp-content\/uploads\/2020\/08\/sincronizaci\u00f3ncatalogo.png"}],"twitter_card":"summary_large_image","schema":{"@context":"https:\/\/schema.org","@graph":[{"@type":"WebPage","@id":"https:\/\/marktmaat.com\/de\/kontakt\/","url":"https:\/\/marktmaat.com\/de\/kontakt\/","name":"Kontakt - MarktMaat","isPartOf":{"@id":"https:\/\/marktmaat.com\/de\/#website"},"primaryImageOfPage":{"@id":"https:\/\/marktmaat.com\/de\/kontakt\/#primaryimage"},"image":{"@id":"https:\/\/marktmaat.com\/de\/kontakt\/#primaryimage"},"thumbnailUrl":"https:\/\/image.flaticon.com\/icons\/svg\/2122\/2122053.svg","datePublished":"2020-08-10T11:23:19+00:00","dateModified":"2020-11-18T11:14:41+00:00","breadcrumb":{"@id":"https:\/\/marktmaat.com\/de\/kontakt\/#breadcrumb"},"inLanguage":"de","potentialAction":[{"@type":"ReadAction","target":["https:\/\/marktmaat.com\/de\/kontakt\/"]}]},{"@type":"ImageObject","inLanguage":"de","@id":"https:\/\/marktmaat.com\/de\/kontakt\/#primaryimage","url":"https:\/\/image.flaticon.com\/icons\/svg\/2122\/2122053.svg","contentUrl":"https:\/\/image.flaticon.com\/icons\/svg\/2122\/2122053.svg"},{"@type":"BreadcrumbList","@id":"https:\/\/marktmaat.com\/de\/kontakt\/#breadcrumb","itemListElement":[{"@type":"ListItem","position":1,"name":"Portada","item":"https:\/\/marktmaat.com\/de\/"},{"@type":"ListItem","position":2,"name":"Kontakt"}]},{"@type":"WebSite","@id":"https:\/\/marktmaat.com\/de\/#website","url":"https:\/\/marktmaat.com\/de\/","name":"MarktMaat","description":"","publisher":{"@id":"https:\/\/marktmaat.com\/de\/#organization"},"potentialAction":[{"@type":"SearchAction","target":{"@type":"EntryPoint","urlTemplate":"https:\/\/marktmaat.com\/de\/?s={search_term_string}"},"query-input":"required name=search_term_string"}],"inLanguage":"de"},{"@type":"Organization","@id":"https:\/\/marktmaat.com\/de\/#organization","name":"MarktMaat","url":"https:\/\/marktmaat.com\/de\/","logo":{"@type":"ImageObject","inLanguage":"de","@id":"https:\/\/marktmaat.com\/de\/#\/schema\/logo\/image\/","url":"https:\/\/marktmaat.com\/wp-content\/uploads\/2020\/05\/logo-b-1.png","contentUrl":"https:\/\/marktmaat.com\/wp-content\/uploads\/2020\/05\/logo-b-1.png","width":326,"height":47,"caption":"MarktMaat"},"image":{"@id":"https:\/\/marktmaat.com\/de\/#\/schema\/logo\/image\/"}}]}},"_links":{"self":[{"href":"https:\/\/marktmaat.com\/de\/wp-json\/wp\/v2\/pages\/1298"}],"collection":[{"href":"https:\/\/marktmaat.com\/de\/wp-json\/wp\/v2\/pages"}],"about":[{"href":"https:\/\/marktmaat.com\/de\/wp-json\/wp\/v2\/types\/page"}],"author":[{"embeddable":true,"href":"https:\/\/marktmaat.com\/de\/wp-json\/wp\/v2\/users\/1"}],"replies":[{"embeddable":true,"href":"https:\/\/marktmaat.com\/de\/wp-json\/wp\/v2\/comments?post=1298"}],"version-history":[{"count":9,"href":"https:\/\/marktmaat.com\/de\/wp-json\/wp\/v2\/pages\/1298\/revisions"}],"predecessor-version":[{"id":2134,"href":"https:\/\/marktmaat.com\/de\/wp-json\/wp\/v2\/pages\/1298\/revisions\/2134"}],"wp:attachment":[{"href":"https:\/\/marktmaat.com\/de\/wp-json\/wp\/v2\/media?parent=1298"}],"curies":[{"name":"wp","href":"https:\/\/api.w.org\/{rel}","templated":true}]}}